{"id":287397,"date":"2024-03-14T18:54:20","date_gmt":"2024-03-14T21:54:20","guid":{"rendered":"https:\/\/agendavivapb.com.br\/?page_id=287397"},"modified":"2024-07-09T13:50:01","modified_gmt":"2024-07-09T16:50:01","slug":"aplicativo-gratis-para-assistir-o-bbb-24-no-celular-ads","status":"publish","type":"page","link":"https:\/\/agendavivapb.com.br\/it\/app-gratuita-per-guardare-gli-annunci-di-bbb-24-sul-cellulare\/","title":{"rendered":"Applicazione gratuita per guardare BBB 24 sul cellulare - annunci"},"content":{"rendered":"<div data-elementor-type=\"wp-page\" data-elementor-id=\"287397\" class=\"elementor elementor-287397\" data-elementor-post-type=\"page\">\n\t\t\t\t\t\t<section class=\"elementor-section elementor-top-section elementor-element elementor-element-79bc804 elementor-section-boxed elementor-section-height-default elementor-section-height-default\" data-id=\"79bc804\" data-element_type=\"section\" data-e-type=\"section\">\n\t\t\t\t\t\t<div class=\"elementor-container elementor-column-gap-default\">\n\t\t\t\t\t<div class=\"elementor-column elementor-col-100 elementor-top-column elementor-element elementor-element-8542cc5\" data-id=\"8542cc5\" data-element_type=\"column\" data-e-type=\"column\" data-settings=\"{&quot;background_background&quot;:&quot;classic&quot;}\">\n\t\t\t<div class=\"elementor-widget-wrap elementor-element-populated\">\n\t\t\t\t\t\t<div class=\"elementor-element elementor-element-50d5b75 elementor-widget elementor-widget-heading\" data-id=\"50d5b75\" data-element_type=\"widget\" data-e-type=\"widget\" data-widget_type=\"heading.default\">\n\t\t\t\t<div class=\"elementor-widget-container\">\n\t\t\t\t\t<h2 class=\"elementor-heading-title elementor-size-default\">Applicazione gratuita per guardare BBB 24 sul cellulare<\/h2>\t\t\t\t<\/div>\n\t\t\t\t<\/div>\n\t\t\t\t<div class=\"elementor-element elementor-element-2f2259f elementor-widget elementor-widget-text-editor\" data-id=\"2f2259f\" data-element_type=\"widget\" data-e-type=\"widget\" data-widget_type=\"text-editor.default\">\n\t\t\t\t<div class=\"elementor-widget-container\">\n\t\t\t\t\t\t\t\t\t<p>Abbiamo creato una guida per aiutarti a scegliere il meglio <strong>app per guardare il Grande Fratello 2024 sul tuo cellulare<\/strong>. Scopri come seguire tutto ci\u00f2 che accade nel Grande Fratello Brasile. Le migliori app per seguire ci\u00f2 che accade in tempo reale.<\/p>\t\t\t\t\t\t\t\t<\/div>\n\t\t\t\t<\/div>\n\t\t\t\t<div class=\"elementor-element elementor-element-ba50572 elementor-widget elementor-widget-html\" data-id=\"ba50572\" data-element_type=\"widget\" data-e-type=\"widget\" data-widget_type=\"html.default\">\n\t\t\t\t<div class=\"elementor-widget-container\">\n\t\t\t\t\t<!-- Event snippet for PAGEVIEW - AGORA NOT\u00cdCIAS conversion page -->\r\n<script>\r\n  gtag('event', 'conversion', {'send_to': 'AW-10939985175\/yXQdCPTQnZ8YEJfay-Ao'});\r\n<\/script>\r\n\t\t\t\t<\/div>\n\t\t\t\t<\/div>\n\t\t\t\t\t<\/div>\n\t\t<\/div>\n\t\t\t\t\t<\/div>\n\t\t<\/section>\n\t\t\t\t<section class=\"elementor-section elementor-top-section elementor-element elementor-element-76035ba elementor-section-boxed elementor-section-height-default elementor-section-height-default\" data-id=\"76035ba\" data-element_type=\"section\" data-e-type=\"section\" data-settings=\"{&quot;background_background&quot;:&quot;classic&quot;,&quot;shape_divider_top&quot;:&quot;wave-brush&quot;}\">\n\t\t\t\t\t<div class=\"elementor-shape elementor-shape-top\" aria-hidden=\"true\" data-negative=\"false\">\n\t\t\t<svg xmlns=\"http:\/\/www.w3.org\/2000\/svg\" viewbox=\"0 0 283.5 27.8\" preserveaspectratio=\"none\">\n\t<path class=\"elementor-shape-fill\" d=\"M283.5,9.7c0,0-7.3,4.3-14,4.6c-6.8,0.3-12.6,0-20.9-1.5c-11.3-2-33.1-10.1-44.7-5.7\ts-12.1,4.6-18,7.4c-6.6,3.2-20,9.6-36.6,9.3C131.6,23.5,99.5,7.2,86.3,8c-1.4,0.1-6.6,0.8-10.5,2c-3.8,1.2-9.4,3.8-17,4.7\tc-3.2,0.4-8.3,1.1-14.2,0.9c-1.5-0.1-6.3-0.4-12-1.6c-5.7-1.2-11-3.1-15.8-3.7C6.5,9.2,0,10.8,0,10.8V0h283.5V9.7z M260.8,11.3\tc-0.7-1-2-0.4-4.3-0.4c-2.3,0-6.1-1.2-5.8-1.1c0.3,0.1,3.1,1.5,6,1.9C259.7,12.2,261.4,12.3,260.8,11.3z M242.4,8.6\tc0,0-2.4-0.2-5.6-0.9c-3.2-0.8-10.3-2.8-15.1-3.5c-8.2-1.1-15.8,0-15.1,0.1c0.8,0.1,9.6-0.6,17.6,1.1c3.3,0.7,9.3,2.2,12.4,2.7\tC239.9,8.7,242.4,8.6,242.4,8.6z M185.2,8.5c1.7-0.7-13.3,4.7-18.5,6.1c-2.1,0.6-6.2,1.6-10,2c-3.9,0.4-8.9,0.4-8.8,0.5\tc0,0.2,5.8,0.8,11.2,0c5.4-0.8,5.2-1.1,7.6-1.6C170.5,14.7,183.5,9.2,185.2,8.5z M199.1,6.9c0.2,0-0.8-0.4-4.8,1.1\tc-4,1.5-6.7,3.5-6.9,3.7c-0.2,0.1,3.5-1.8,6.6-3C197,7.5,199,6.9,199.1,6.9z M283,6c-0.1,0.1-1.9,1.1-4.8,2.5s-6.9,2.8-6.7,2.7\tc0.2,0,3.5-0.6,7.4-2.5C282.8,6.8,283.1,5.9,283,6z M31.3,11.6c0.1-0.2-1.9-0.2-4.5-1.2s-5.4-1.6-7.8-2C15,7.6,7.3,8.5,7.7,8.6\tC8,8.7,15.9,8.3,20.2,9.3c2.2,0.5,2.4,0.5,5.7,1.6S31.2,11.9,31.3,11.6z M73,9.2c0.4-0.1,3.5-1.6,8.4-2.6c4.9-1.1,8.9-0.5,8.9-0.8\tc0-0.3-1-0.9-6.2-0.3S72.6,9.3,73,9.2z M71.6,6.7C71.8,6.8,75,5.4,77.3,5c2.3-0.3,1.9-0.5,1.9-0.6c0-0.1-1.1-0.2-2.7,0.2\tC74.8,5.1,71.4,6.6,71.6,6.7z M93.6,4.4c0.1,0.2,3.5,0.8,5.6,1.8c2.1,1,1.8,0.6,1.9,0.5c0.1-0.1-0.8-0.8-2.4-1.3\tC97.1,4.8,93.5,4.2,93.6,4.4z M65.4,11.1c-0.1,0.3,0.3,0.5,1.9-0.2s2.6-1.3,2.2-1.2s-0.9,0.4-2.5,0.8C65.3,10.9,65.5,10.8,65.4,11.1\tz M34.5,12.4c-0.2,0,2.1,0.8,3.3,0.9c1.2,0.1,2,0.1,2-0.2c0-0.3-0.1-0.5-1.6-0.4C36.6,12.8,34.7,12.4,34.5,12.4z M152.2,21.1\tc-0.1,0.1-2.4-0.3-7.5-0.3c-5,0-13.6-2.4-17.2-3.5c-3.6-1.1,10,3.9,16.5,4.1C150.5,21.6,152.3,21,152.2,21.1z\"\/>\n\t<path class=\"elementor-shape-fill\" d=\"M269.6,18c-0.1-0.1-4.6,0.3-7.2,0c-7.3-0.7-17-3.2-16.6-2.9c0.4,0.3,13.7,3.1,17,3.3\tC267.7,18.8,269.7,18,269.6,18z\"\/>\n\t<path class=\"elementor-shape-fill\" d=\"M227.4,9.8c-0.2-0.1-4.5-1-9.5-1.2c-5-0.2-12.7,0.6-12.3,0.5c0.3-0.1,5.9-1.8,13.3-1.2\tS227.6,9.9,227.4,9.8z\"\/>\n\t<path class=\"elementor-shape-fill\" d=\"M204.5,13.4c-0.1-0.1,2-1,3.2-1.1c1.2-0.1,2,0,2,0.3c0,0.3-0.1,0.5-1.6,0.4\tC206.4,12.9,204.6,13.5,204.5,13.4z\"\/>\n\t<path class=\"elementor-shape-fill\" d=\"M201,10.6c0-0.1-4.4,1.2-6.3,2.2c-1.9,0.9-6.2,3.1-6.1,3.1c0.1,0.1,4.2-1.6,6.3-2.6\tS201,10.7,201,10.6z\"\/>\n\t<path class=\"elementor-shape-fill\" d=\"M154.5,26.7c-0.1-0.1-4.6,0.3-7.2,0c-7.3-0.7-17-3.2-16.6-2.9c0.4,0.3,13.7,3.1,17,3.3\tC152.6,27.5,154.6,26.8,154.5,26.7z\"\/>\n\t<path class=\"elementor-shape-fill\" d=\"M41.9,19.3c0,0,1.2-0.3,2.9-0.1c1.7,0.2,5.8,0.9,8.2,0.7c4.2-0.4,7.4-2.7,7-2.6\tc-0.4,0-4.3,2.2-8.6,1.9c-1.8-0.1-5.1-0.5-6.7-0.4S41.9,19.3,41.9,19.3z\"\/>\n\t<path class=\"elementor-shape-fill\" d=\"M75.5,12.6c0.2,0.1,2-0.8,4.3-1.1c2.3-0.2,2.1-0.3,2.1-0.5c0-0.1-1.8-0.4-3.4,0\tC76.9,11.5,75.3,12.5,75.5,12.6z\"\/>\n\t<path class=\"elementor-shape-fill\" d=\"M15.6,13.2c0-0.1,4.3,0,6.7,0.5c2.4,0.5,5,1.9,5,2c0,0.1-2.7-0.8-5.1-1.4\tC19.9,13.7,15.7,13.3,15.6,13.2z\"\/>\n<\/svg>\t\t<\/div>\n\t\t\t\t\t<div class=\"elementor-container elementor-column-gap-default\">\n\t\t\t\t\t<div class=\"elementor-column elementor-col-100 elementor-top-column elementor-element elementor-element-b16d8f1\" data-id=\"b16d8f1\" data-element_type=\"column\" data-e-type=\"column\" data-settings=\"{&quot;background_background&quot;:&quot;classic&quot;}\">\n\t\t\t<div class=\"elementor-widget-wrap elementor-element-populated\">\n\t\t\t\t\t\t<div class=\"elementor-element elementor-element-9f8480b elementor-widget elementor-widget-text-editor\" data-id=\"9f8480b\" data-element_type=\"widget\" data-e-type=\"widget\" data-widget_type=\"text-editor.default\">\n\t\t\t\t<div class=\"elementor-widget-container\">\n\t\t\t\t\t\t\t\t\t<p>O <strong>Grande Fratello Brasile (BBB)<\/strong> \u00e8 un programma televisivo brasiliano di reality, ispirato alla versione originale del Grande Fratello, ideato dal produttore olandese John de Mol. Dalla sua nascita nel 2002 su Rede Globo, si \u00e8 rapidamente affermato come uno dei programmi televisivi pi\u00f9 popolari e influenti del Brasile. La premessa di BBB \u00e8 semplice: un gruppo di concorrenti, chiamati \"fratelli\", sono isolati in una casa, monitorati 24 ore su 24 da telecamere, senza alcun contatto con il mondo esterno o comunicazione con persone esterne.<\/p>\t\t\t\t\t\t\t\t<\/div>\n\t\t\t\t<\/div>\n\t\t\t\t<div class=\"elementor-element elementor-element-2253561 elementor-widget elementor-widget-image\" data-id=\"2253561\" data-element_type=\"widget\" data-e-type=\"widget\" data-widget_type=\"image.default\">\n\t\t\t\t<div class=\"elementor-widget-container\">\n\t\t\t\t\t\t\t\t\t\t\t\t\t\t\t\t<a href=\"#\">\n\t\t\t\t\t\t\t<img fetchpriority=\"high\" decoding=\"async\" width=\"1200\" height=\"750\" src=\"https:\/\/agendavivapb.com.br\/wp-content\/uploads\/2024\/03\/Streaming-assistir-BBB-24.webp\" class=\"attachment-full size-full wp-image-287399\" alt=\"Streaming per guardare BBB 24\" srcset=\"https:\/\/agendavivapb.com.br\/wp-content\/uploads\/2024\/03\/Streaming-assistir-BBB-24.webp 1200w, https:\/\/agendavivapb.com.br\/wp-content\/uploads\/2024\/03\/Streaming-assistir-BBB-24-300x188.webp 300w, https:\/\/agendavivapb.com.br\/wp-content\/uploads\/2024\/03\/Streaming-assistir-BBB-24-1024x640.webp 1024w, https:\/\/agendavivapb.com.br\/wp-content\/uploads\/2024\/03\/Streaming-assistir-BBB-24-768x480.webp 768w, https:\/\/agendavivapb.com.br\/wp-content\/uploads\/2024\/03\/Streaming-assistir-BBB-24-18x12.webp 18w\" sizes=\"(max-width: 1200px) 100vw, 1200px\" \/>\t\t\t\t\t\t\t\t<\/a>\n\t\t\t\t\t\t\t\t\t\t\t\t\t\t\t<\/div>\n\t\t\t\t<\/div>\n\t\t\t\t<div class=\"elementor-element elementor-element-38b3090 elementor-widget elementor-widget-heading\" data-id=\"38b3090\" data-element_type=\"widget\" data-e-type=\"widget\" data-widget_type=\"heading.default\">\n\t\t\t\t<div class=\"elementor-widget-container\">\n\t\t\t\t\t<h2 class=\"elementor-heading-title elementor-size-default\">Applicazioni Guarda la TV online<\/h2>\t\t\t\t<\/div>\n\t\t\t\t<\/div>\n\t\t\t\t<div class=\"elementor-element elementor-element-d9a8a78 elementor-align-center elementor-mobile-align-start elementor-icon-list--layout-traditional elementor-list-item-link-full_width elementor-widget elementor-widget-icon-list\" data-id=\"d9a8a78\" data-element_type=\"widget\" data-e-type=\"widget\" data-widget_type=\"icon-list.default\">\n\t\t\t\t<div class=\"elementor-widget-container\">\n\t\t\t\t\t\t\t<ul class=\"elementor-icon-list-items\">\n\t\t\t\t\t\t\t<li class=\"elementor-icon-list-item\">\n\t\t\t\t\t\t\t\t\t\t\t<span class=\"elementor-icon-list-icon\">\n\t\t\t\t\t\t\t<i aria-hidden=\"true\" class=\"fas fa-check\"><\/i>\t\t\t\t\t\t<\/span>\n\t\t\t\t\t\t\t\t\t\t<span class=\"elementor-icon-list-text\">Guarda dove vuoi<\/span>\n\t\t\t\t\t\t\t\t\t<\/li>\n\t\t\t\t\t\t\t\t<li class=\"elementor-icon-list-item\">\n\t\t\t\t\t\t\t\t\t\t\t<span class=\"elementor-icon-list-icon\">\n\t\t\t\t\t\t\t<i aria-hidden=\"true\" class=\"fas fa-check\"><\/i>\t\t\t\t\t\t<\/span>\n\t\t\t\t\t\t\t\t\t\t<span class=\"elementor-icon-list-text\">App emittente gratuita<\/span>\n\t\t\t\t\t\t\t\t\t<\/li>\n\t\t\t\t\t\t\t\t<li class=\"elementor-icon-list-item\">\n\t\t\t\t\t\t\t\t\t\t\t<span class=\"elementor-icon-list-icon\">\n\t\t\t\t\t\t\t<i aria-hidden=\"true\" class=\"fas fa-check\"><\/i>\t\t\t\t\t\t<\/span>\n\t\t\t\t\t\t\t\t\t\t<span class=\"elementor-icon-list-text\">Trasmissioni in diretta<\/span>\n\t\t\t\t\t\t\t\t\t<\/li>\n\t\t\t\t\t\t\t\t<li class=\"elementor-icon-list-item\">\n\t\t\t\t\t\t\t\t\t\t\t<span class=\"elementor-icon-list-icon\">\n\t\t\t\t\t\t\t<i aria-hidden=\"true\" class=\"fas fa-check\"><\/i>\t\t\t\t\t\t<\/span>\n\t\t\t\t\t\t\t\t\t\t<span class=\"elementor-icon-list-text\">Tutti i canali TV<\/span>\n\t\t\t\t\t\t\t\t\t<\/li>\n\t\t\t\t\t\t<\/ul>\n\t\t\t\t\t\t<\/div>\n\t\t\t\t<\/div>\n\t\t\t\t\t<\/div>\n\t\t<\/div>\n\t\t\t\t\t<\/div>\n\t\t<\/section>\n\t\t\t\t<section class=\"elementor-section elementor-top-section elementor-element elementor-element-9c2cbb4 elementor-section-boxed elementor-section-height-default elementor-section-height-default\" data-id=\"9c2cbb4\" data-element_type=\"section\" data-e-type=\"section\">\n\t\t\t\t\t\t<div class=\"elementor-container elementor-column-gap-default\">\n\t\t\t\t\t<div class=\"elementor-column elementor-col-100 elementor-top-column elementor-element elementor-element-b661734\" data-id=\"b661734\" data-element_type=\"column\" data-e-type=\"column\">\n\t\t\t<div class=\"elementor-widget-wrap elementor-element-populated\">\n\t\t\t\t\t\t<div class=\"elementor-element elementor-element-d53cbdf elementor-widget elementor-widget-text-editor\" data-id=\"d53cbdf\" data-element_type=\"widget\" data-e-type=\"widget\" data-widget_type=\"text-editor.default\">\n\t\t\t\t<div class=\"elementor-widget-container\">\n\t\t\t\t\t\t\t\t\t<h2><strong>Guardate il Grande Fratello Brasile tramite le app per cellulari<\/strong><\/h2><p>Il Grande Fratello Brasil (BBB), uno dei reality show brasiliani di pi\u00f9 alto profilo, \u00e8 stato testimone di una costante evoluzione sin dalla sua nascita. Con la rivoluzione digitale in pieno svolgimento, anche il modo di seguire questa icona televisiva si \u00e8 radicalmente trasformato. Al centro di questo cambiamento ci sono le app per guardare il Grande Fratello Brasil, che sono emerse come attori chiave, introducendo nuove dinamiche di coinvolgimento e interattivit\u00e0 per gli spettatori. Questo testo analizza il modo in cui il download e l'uso di queste app sta rimodellando l'esperienza di guardare il BBB, preparando la scena per un'esplorazione pi\u00f9 approfondita dell'impatto di queste app e una guida su come scaricare l'app per guardare il BBB in un prossimo articolo.<\/p><p>Cambiamento del paradigma di visualizzazione<\/p><p>In passato, guardare la televisione significava sintonizzarsi esattamente al momento giusto davanti al televisore. Il BBB seguiva questa regola, ma l'era degli smartphone e dei tablet ha cambiato completamente questo scenario. La possibilit\u00e0 di scaricare applicazioni per guardare il Grande Fratello Brasil in qualsiasi momento e in qualsiasi luogo ha cambiato radicalmente il modo in cui interagiamo con i contenuti televisivi.<\/p><p>L'era delle app in streaming<\/p><p>Le applicazioni per guardare il Grande Fratello Brasil non hanno cambiato solo il modo in cui guardiamo il programma, ma anche il modo in cui ci impegniamo in esso. Queste applicazioni offrono funzionalit\u00e0 che vanno oltre la visione tradizionale, consentendo ai fan di votare, commentare e partecipare in vari modi. Questo livello di interazione offre un'esperienza pi\u00f9 coinvolgente.<\/p><p>Vantaggi della visualizzazione delle applicazioni<\/p><p>Flessibilit\u00e0 e convenienza<\/p><p>Il pi\u00f9 grande vantaggio di scaricare l'app per guardare la BBB \u00e8 la flessibilit\u00e0. Gli spettatori non sono pi\u00f9 limitati agli orari tradizionali. Possono guardare in diretta o rivedere gli episodi passati a loro piacimento.<\/p><p>Interattivit\u00e0 migliorata<\/p><p>Le applicazioni per guardare il Grande Fratello Brasil permettono di interagire direttamente con lo show, offrendo votazioni, sondaggi e altre funzioni che consentono allo spettatore di svolgere un ruolo pi\u00f9 attivo nello sviluppo del programma.<\/p><p>Esperienza personalizzata<\/p><p>Scaricare l'app per guardare la BBB offre un'esperienza di visione personalizzata. Gli utenti possono impostare i propri programmi, scegliendo cosa e quando guardare, personalizzando il loro viaggio nella BBB.<\/p><p>Sfide e considerazioni<\/p><p>Sebbene i vantaggi siano molti, ci sono anche delle sfide, come la dipendenza dalla velocit\u00e0 di Internet e dal tipo di dispositivo utilizzato. Anche la frammentazione del mercato dello streaming pu\u00f2 influire sulla disponibilit\u00e0 e sulla qualit\u00e0 dei contenuti.<\/p><p>Impatto culturale e sociale<\/p><p>Le app di streaming per la BBB hanno un impatto significativo sulla cultura popolare e sulle interazioni sociali: i social network sono pieni di discussioni sul programma, alimentate dalle esperienze condivise tramite queste app.<\/p><p>Il futuro della BBB nell'era digitale<\/p><p>Grazie ai progressi tecnologici, possiamo prevedere continue innovazioni nel modo in cui guardiamo e interagiamo con la BBB. La realt\u00e0 aumentata e le funzioni interattive pi\u00f9 sofisticate sono solo alcune delle possibilit\u00e0 che ci attendono.<\/p><p>La trasformazione digitale ha ridefinito profondamente il modo in cui seguiamo il Grande Fratello Brasil, con le app di streaming al centro di questo cambiamento. Se volete sapere quali sono queste app per godervi BBB 24 in diretta, leggete il nostro prossimo articolo completo in cui parleremo di questo argomento.<\/p>\t\t\t\t\t\t\t\t<\/div>\n\t\t\t\t<\/div>\n\t\t\t\t\t<\/div>\n\t\t<\/div>\n\t\t\t\t\t<\/div>\n\t\t<\/section>\n\t\t\t\t<\/div>","protected":false},"excerpt":{"rendered":"<p>Aplicativo gr\u00e1tis para assistir o BBB 24 no celular Criamos um guia para ajud\u00e1-lo a selecionar o melhor aplicativo para assistir o Big Brother Brasil 2024 no seu celular. Aprenda como voc\u00ea pode acompanhar tudo o que rola no Big Brother Brasil. Os melhores aplicativos para assistir ao vivo o que acontece em tempo real. [&hellip;]<\/p>\n","protected":false},"author":1,"featured_media":0,"parent":0,"menu_order":0,"comment_status":"closed","ping_status":"closed","template":"elementor_header_footer","meta":{"footnotes":""},"class_list":["post-287397","page","type-page","status-publish","hentry","entry"],"_links":{"self":[{"href":"https:\/\/agendavivapb.com.br\/it\/wp-json\/wp\/v2\/pages\/287397","targetHints":{"allow":["GET"]}}],"collection":[{"href":"https:\/\/agendavivapb.com.br\/it\/wp-json\/wp\/v2\/pages"}],"about":[{"href":"https:\/\/agendavivapb.com.br\/it\/wp-json\/wp\/v2\/types\/page"}],"author":[{"embeddable":true,"href":"https:\/\/agendavivapb.com.br\/it\/wp-json\/wp\/v2\/users\/1"}],"replies":[{"embeddable":true,"href":"https:\/\/agendavivapb.com.br\/it\/wp-json\/wp\/v2\/comments?post=287397"}],"version-history":[{"count":0,"href":"https:\/\/agendavivapb.com.br\/it\/wp-json\/wp\/v2\/pages\/287397\/revisions"}],"wp:attachment":[{"href":"https:\/\/agendavivapb.com.br\/it\/wp-json\/wp\/v2\/media?parent=287397"}],"curies":[{"name":"wp","href":"https:\/\/api.w.org\/{rel}","templated":true}]}}