{"id":101,"date":"2023-10-13T14:46:49","date_gmt":"2023-10-13T14:46:49","guid":{"rendered":"https:\/\/agendavivapb.com.br\/termos-e-condicoes\/"},"modified":"2024-07-12T13:02:48","modified_gmt":"2024-07-12T16:02:48","slug":"termos-e-condicoes","status":"publish","type":"page","link":"https:\/\/agendavivapb.com.br\/it\/termini-e-condizioni\/","title":{"rendered":"Termini e Condizioni"},"content":{"rendered":"<p>Ultimo aggiornamento: 12 luglio 2024<\/p>\n\n\n\n<p>Benvenuti su AgendaVivaPb! Le presenti Condizioni d'uso (\"Condizioni\") regolano l'utilizzo del sito da parte dell'utente. <a href=\"https:\/\/agendavivapb.com.br\/it\/\">https:\/\/agendavivapb.com.br\/<\/a> (\"Servizio\") gestito da AgendaVivaPb (\"noi\", \"ci\" o \"nostro\"). Accedendo o utilizzando il nostro Servizio, l'utente accetta di rispettare e di essere vincolato dai presenti Termini. Se non siete d'accordo con qualsiasi parte dei Termini, non dovete accedere al Servizio.<\/p>\n\n\n\n<h2 class=\"wp-block-heading\">Utilizzo del servizio<\/h2>\n\n\n\n<h3 class=\"wp-block-heading\">Ammissibilit\u00e0<\/h3>\n\n\n\n<p>Per utilizzare il nostro Servizio \u00e8 necessario avere almeno 18 anni. Utilizzando il Servizio, l'utente dichiara e garantisce di avere la capacit\u00e0 giuridica di stipulare il presente contratto e di rispettare le presenti Condizioni.<\/p>\n\n\n\n<h3 class=\"wp-block-heading\">Account utente<\/h3>\n\n\n\n<p>Per accedere ad alcune funzioni del nostro Servizio, potrebbe essere necessario creare un account. L'utente \u00e8 responsabile di mantenere la riservatezza del proprio account e della propria password e di limitare l'accesso al proprio computer. L'utente accetta di assumersi la responsabilit\u00e0 di tutte le attivit\u00e0 svolte con il proprio account o password.<\/p>\n\n\n\n<h3 class=\"wp-block-heading\">Comportamento dell'utente<\/h3>\n\n\n\n<p>L'utente accetta di utilizzare il nostro Servizio solo per scopi leciti e in conformit\u00e0 alle presenti Condizioni. L'utente non dovr\u00e0:<\/p>\n\n\n\n<ul class=\"wp-block-list\">\n<li>Utilizzare il Servizio in qualsiasi modo che violi qualsiasi legge o regolamento applicabile;<\/li>\n\n\n\n<li>Sfruttare, danneggiare o tentare di sfruttare o danneggiare i minori in qualsiasi modo, esponendoli a contenuti inappropriati o in altro modo;<\/li>\n\n\n\n<li>Inviare, ricevere, caricare, scaricare, utilizzare o riutilizzare qualsiasi materiale non conforme agli standard di contenuto stabiliti nei presenti Termini;<\/li>\n\n\n\n<li>Trasmettere, o tentare di inviare, qualsiasi materiale pubblicitario o promozionale, incluse \"junk mail\", \"catene di Sant'Antonio\", \"spam\" o qualsiasi altra sollecitazione simile.<\/li>\n<\/ul>\n\n\n\n<h2 class=\"wp-block-heading\">Propriet\u00e0 intellettuale<\/h2>\n\n\n\n<p>Tutti i contenuti del nostro Servizio, compresi testi, grafici, loghi, icone di pulsanti, immagini e software, sono di nostra propriet\u00e0 o dei nostri licenziatari e sono protetti da copyright e da altre leggi sulla propriet\u00e0 intellettuale.<\/p>\n\n\n\n<h2 class=\"wp-block-heading\">Link ad altri siti<\/h2>\n\n\n\n<p>Il nostro Servizio pu\u00f2 contenere link a siti web di terzi che non sono di nostra propriet\u00e0 o controllati da noi. Non abbiamo alcun controllo e non ci assumiamo alcuna responsabilit\u00e0 per il contenuto, le politiche sulla privacy o le pratiche di qualsiasi sito o servizio di terzi. L'utente riconosce e accetta che non saremo responsabili, direttamente o indirettamente, per qualsiasi danno o perdita causata o che si presume possa essere causata da o in connessione con l'uso o l'affidamento su tali contenuti, beni o servizi disponibili su o attraverso tali siti web o servizi.<\/p>\n\n\n\n<h2 class=\"wp-block-heading\">Terminazione<\/h2>\n\n\n\n<p>Possiamo interrompere o sospendere l'accesso dell'utente al Servizio immediatamente, senza preavviso o responsabilit\u00e0, per qualsiasi motivo, incluso, senza limitazione, se l'utente viola i Termini. Tutte le disposizioni dei Termini che, per loro natura, dovrebbero sopravvivere alla risoluzione, sopravvivranno alla risoluzione, comprese, a titolo esemplificativo, le disposizioni sulla propriet\u00e0, le esclusioni di garanzia, le indennit\u00e0 e le limitazioni di responsabilit\u00e0.<\/p>\n\n\n\n<h2 class=\"wp-block-heading\">Esenzione dalle garanzie<\/h2>\n\n\n\n<p>L'utilizzo del Servizio \u00e8 a rischio dell'utente. Il Servizio \u00e8 fornito \"cos\u00ec com'\u00e8\" e \"come disponibile\". Il Servizio viene fornito senza garanzie di alcun tipo, esplicite o implicite, incluse, a titolo esemplificativo, le garanzie implicite di commerciabilit\u00e0, idoneit\u00e0 per uno scopo particolare, non violazione o corso delle prestazioni.<\/p>\n\n\n\n<h2 class=\"wp-block-heading\">Limitazione di responsabilit\u00e0<\/h2>\n\n\n\n<p>In nessun caso AgendaVivaPb, n\u00e9 i suoi direttori, dipendenti, partner, agenti, fornitori o affiliati, saranno responsabili per danni indiretti, incidentali, speciali, consequenziali o punitivi, inclusi, senza limitazioni, la perdita di profitti, dati, uso, avviamento o altre perdite intangibili, derivanti da (i) l'accesso all'uso o l'incapacit\u00e0 di accedere o utilizzare il Servizio; (ii) qualsiasi condotta o contenuto di terzi sul Servizio; (iii) qualsiasi contenuto ottenuto dal Servizio; e (iv) l'accesso, l'uso o l'alterazione non autorizzati delle trasmissioni o dei contenuti dell'utente, sulla base di garanzie, contratti, illeciti (inclusa la negligenza) o qualsiasi altra teoria legale, indipendentemente dal fatto che siamo stati avvisati o meno della possibilit\u00e0 di tali danni, e anche se un rimedio stabilito nel presente documento fallisce il suo scopo essenziale.<\/p>\n\n\n\n<h2 class=\"wp-block-heading\">Cambiamenti<\/h2>\n\n\n\n<p>Ci riserviamo il diritto, a nostra esclusiva discrezione, di modificare o sostituire le presenti Condizioni in qualsiasi momento. In caso di modifiche sostanziali, ci impegneremo a fornire un preavviso di almeno 30 giorni prima dell'entrata in vigore dei nuovi termini. Ci\u00f2 che costituisce una modifica sostanziale sar\u00e0 determinato a nostra esclusiva discrezione.<\/p>\n\n\n\n<h2 class=\"wp-block-heading\">Contatto<\/h2>\n\n\n\n<p>In caso di domande sulle presenti Condizioni, si prega di contattarci:<\/p>\n\n\n\n<ul class=\"wp-block-list\">\n<li><strong>E-mail:<\/strong> <a>help@izzotodigital.com.br<\/a><\/li>\n\n\n\n<li><strong>Twitter:<\/strong> @izzotodigital<\/li>\n\n\n\n<li><strong>Instagram:<\/strong> @izzotodigital<\/li>\n\n\n\n<li><strong>Facebook:<\/strong> @izzotodigital<\/li>\n<\/ul>","protected":false},"excerpt":{"rendered":"<p>\u00daltima atualiza\u00e7\u00e3o: 12 de julho de 2024 Bem-vindo ao AgendaVivaPb! Estes Termos de Uso (&#8220;Termos&#8221;) regem o uso do site https:\/\/agendavivapb.com.br\/ (&#8220;Servi\u00e7o&#8221;) operado pelo AgendaVivaPb (&#8220;n\u00f3s&#8221;, &#8220;nosso&#8221; ou &#8220;nos&#8221;). Ao acessar ou usar nosso Servi\u00e7o, voc\u00ea concorda em cumprir e estar vinculado a estes Termos. Se voc\u00ea n\u00e3o concorda com qualquer parte dos Termos, n\u00e3o [&hellip;]<\/p>\n","protected":false},"author":1,"featured_media":0,"parent":0,"menu_order":0,"comment_status":"closed","ping_status":"closed","template":"","meta":{"footnotes":""},"class_list":["post-101","page","type-page","status-publish","hentry","entry"],"_links":{"self":[{"href":"https:\/\/agendavivapb.com.br\/it\/wp-json\/wp\/v2\/pages\/101","targetHints":{"allow":["GET"]}}],"collection":[{"href":"https:\/\/agendavivapb.com.br\/it\/wp-json\/wp\/v2\/pages"}],"about":[{"href":"https:\/\/agendavivapb.com.br\/it\/wp-json\/wp\/v2\/types\/page"}],"author":[{"embeddable":true,"href":"https:\/\/agendavivapb.com.br\/it\/wp-json\/wp\/v2\/users\/1"}],"replies":[{"embeddable":true,"href":"https:\/\/agendavivapb.com.br\/it\/wp-json\/wp\/v2\/comments?post=101"}],"version-history":[{"count":0,"href":"https:\/\/agendavivapb.com.br\/it\/wp-json\/wp\/v2\/pages\/101\/revisions"}],"wp:attachment":[{"href":"https:\/\/agendavivapb.com.br\/it\/wp-json\/wp\/v2\/media?parent=101"}],"curies":[{"name":"wp","href":"https:\/\/api.w.org\/{rel}","templated":true}]}}