{"id":2,"date":"2020-09-04T23:25:35","date_gmt":"2020-09-04T23:25:35","guid":{"rendered":"https:\/\/agendavivapb.com.br\/?page_id=2"},"modified":"2025-12-02T19:00:32","modified_gmt":"2025-12-02T22:00:32","slug":"contato","status":"publish","type":"page","link":"https:\/\/agendavivapb.com.br\/fr\/contact\/","title":{"rendered":"Contact"},"content":{"rendered":"\n<p>Estamos sempre ansiosos para nos conectar com nossos leitores e parceiros. Se voc\u00ea tiver feedback, d\u00favidas ou sugest\u00f5es, estamos aqui para ajudar! Veja como voc\u00ea pode entrar em contato conosco:<\/p>\n\n\n\n<h3 class=\"wp-block-heading\">Envie-nos um E-mail<\/h3>\n\n\n\n<p>Para perguntas gerais, suporte ou feedback, por favor, envie um e-mail para:<\/p>\n\n\n\n<p><strong><a>help@izzotodigital.com.br<\/a><\/strong><\/p>\n\n\n\n<p>Nos esfor\u00e7amos para responder a todos os e-mails dentro de 24-48 horas.<\/p>\n\n\n\n<h3 class=\"wp-block-heading\">Redes Sociais<\/h3>\n\n\n\n<p>Fique atualizado e interaja conosco atrav\u00e9s das nossas redes sociais:<\/p>\n\n\n\n<ul class=\"wp-block-list\">\n<li><strong>Twitter:<\/strong> @izzotodigital<\/li>\n\n\n\n<li><strong>Instagram:<\/strong> @izzotodigital<\/li>\n\n\n\n<li><strong>Facebook:<\/strong> @izzotodigital<\/li>\n<\/ul>\n\n\n\n<h3 class=\"wp-block-heading\">Visite-nos<\/h3>\n\n\n\n<p>Embora sejamos principalmente uma plataforma online, voc\u00ea tamb\u00e9m pode nos encontrar em nosso escrit\u00f3rio administrativo em S\u00e3o Paulo:<\/p>\n\n\n\n<p><strong>AgendaVivaPb<\/strong><\/p>\n\n\n\n<p>S\u00e3o Paulo, SP<\/p>\n\n\n\n<h3 class=\"wp-block-heading\">Formul\u00e1rio de Contato<\/h3>\n\n\n\n<script type=\"text\/javascript\">\n    \/** This section is only needed once per page if manually copying **\/\n    if (typeof MauticSDKLoaded == 'undefined') {\n        var MauticSDKLoaded = true;\n        var head            = document.getElementsByTagName('head')[0];\n        var script          = document.createElement('script');\n        script.type         = 'text\/javascript';\n        script.src          = 'https:\/\/lead.izzotodigital.com.br\/media\/js\/mautic-form.js?vddef9fa1';\n        script.onload       = function() {\n            MauticSDK.onLoad();\n        };\n        head.appendChild(script);\n        var MauticDomain = 'https:\/\/lead.izzotodigital.com.br';\n        var MauticLang   = {\n            'submittingMessage': \"Por favor, aguarde...\"\n        }\n    }else if (typeof MauticSDK != 'undefined') {\n        MauticSDK.onLoad();\n    }\n<\/script>\n\n<style type=\"text\/css\" scoped>\n    .mauticform_wrapper { max-width: 600px; margin: 10px auto; }\n    .mauticform-innerform {}\n    .mauticform-post-success {}\n    .mauticform-name { font-weight: bold; font-size: 1.5em; margin-bottom: 3px; }\n    .mauticform-description { margin-top: 2px; margin-bottom: 10px; }\n    .mauticform-error { margin-bottom: 10px; color: red; }\n    .mauticform-message { margin-bottom: 10px; color: green; }\n    .mauticform-row { display: block; margin-bottom: 20px; }\n    .mauticform-label { font-size: 1.1em; display: block; font-weight: bold; margin-bottom: 5px; }\n    .mauticform-row.mauticform-required .mauticform-label:after { color: #e32; content: \" *\"; display: inline; }\n    .mauticform-helpmessage { display: block; font-size: 0.9em; margin-bottom: 3px; }\n    .mauticform-errormsg { display: block; color: red; margin-top: 2px; }\n    .mauticform-selectbox, .mauticform-input, .mauticform-textarea { width: 100%; padding: 0.5em 0.5em; border: 1px solid #CCC; background: #fff; box-shadow: 0px 0px 0px #fff inset; border-radius: 4px; box-sizing: border-box; }\n    .mauticform-checkboxgrp-row {}\n    .mauticform-checkboxgrp-label { font-weight: normal; }\n    .mauticform-checkboxgrp-checkbox {}\n    .mauticform-radiogrp-row {}\n    .mauticform-radiogrp-label { font-weight: normal; }\n    .mauticform-radiogrp-radio {}\n    .mauticform-button-wrapper .mauticform-button.btn-ghost, .mauticform-pagebreak-wrapper .mauticform-pagebreak.btn-ghost { color: #5d6c7c;background-color: #ffffff;border-color: #dddddd;}\n    .mauticform-button-wrapper .mauticform-button, .mauticform-pagebreak-wrapper .mauticform-pagebreak { display: inline-block;margin-bottom: 0;font-weight: 600;text-align: center;vertical-align: middle;cursor: pointer;background-image: none;border: 1px solid transparent;white-space: nowrap;padding: 6px 12px;font-size: 13px;line-height: 1.3856;border-radius: 3px;-webkit-user-select: none;-moz-user-select: none;-ms-user-select: none;user-select: none;}\n    .mauticform-button-wrapper .mauticform-button.btn-ghost[disabled], .mauticform-pagebreak-wrapper .mauticform-pagebreak.btn-ghost[disabled] { background-color: #ffffff; border-color: #dddddd; opacity: 0.75; cursor: not-allowed; }\n    .mauticform-pagebreak-wrapper .mauticform-button-wrapper {  display: inline; }\n\n    \/**\n    * @see https:\/\/github.com\/TarekRaafat\/autoComplete.js\/blob\/master\/dist\/css\/autoComplete.02.css.\n    *\/\n    .autoComplete_wrapper {position: relative;}\n    .autoComplete_wrapper > input::placeholder {transition: all 0.3s ease;}\n    .autoComplete_wrapper > ul {position: absolute;max-height: 226px;overflow-y: scroll;top: 100%;left: 0;right: 0;padding: 0;margin: 0.5rem 0 0 0;border-radius: 4px;background-color: #fff;border: 1px solid rgba(33, 33, 33, 0.1);z-index: 1000;outline: none;}\n    .autoComplete_wrapper > ul > li {padding: 10px 20px;list-style: none;text-align: left;font-size: 16px;color: #212121;transition: all 0.1s ease-in-out;border-radius: 3px;background-color: rgba(255, 255, 255, 1);white-space: nowrap;overflow: hidden;text-overflow: ellipsis;transition: all 0.2s ease;}\n    .autoComplete_wrapper > ul > li > span {float: right;}\n    .autoComplete_wrapper > ul > li::selection {color: rgba(#ffffff, 0);background-color: rgba(#ffffff, 0);}\n    .autoComplete_wrapper > ul > li:hover {cursor: pointer;background-color: rgba(123, 123, 123, 0.1);}\n    .autoComplete_wrapper > ul > li mark {background-color: transparent;font-weight: bold;}\n    .autoComplete_wrapper > ul > li mark::selection {background-color: rgba(#ffffff, 0);}\n    .autoComplete_wrapper > ul > li[aria-selected=\"true\"] {background-color: rgba(123, 123, 123, 0.1);}\n    @media only screen and (max-width: 600px) {\n      .autoComplete_wrapper > input {width: 18rem;}\n    }\n<\/style>\n\n<style type=\"text\/css\" scoped>\n    .mauticform-field-hidden { display:none }\n<\/style>\n<div id=\"mauticform_wrapper_formhelpcontato\" class=\"mauticform_wrapper\">\n    <form autocomplete=\"false\" role=\"form\" method=\"post\" action=\"https:\/\/lead.izzotodigital.com.br\/form\/submit?formId=6\" id=\"mauticform_formhelpcontato\" data-mautic-form=\"formhelpcontato\" enctype=\"multipart\/form-data\"><div class=\"mauticform-error\" id=\"mauticform_formhelpcontato_error\"><\/div>\n            <div class=\"mauticform-message\" id=\"mauticform_formhelpcontato_message\"><\/div><div class=\"mauticform-innerform\">\n            <div class=\"mauticform-page-wrapper mauticform-page-1\" data-mautic-form-page=\"1\">\n                  \n\n\n      \n  \n    \n\n\n    \n\n                    \n<div id=\"mauticform_formhelpcontato_nome\" class=\"mauticform-row mauticform-text mauticform-field-1 mauticform-required\" data-validate=\"nome\" data-validation-type=\"text\">\n  <label id=\"mauticform_label_formhelpcontato_nome\" for=\"mauticform_input_formhelpcontato_nome\" class=\"mauticform-label\">NOME<\/label>\n  \n      <input type=\"text\" name=\"mauticform[nome]\" value=\"\" id=\"mauticform_input_formhelpcontato_nome\" class=\"mauticform-input\">\n  \n  <span class=\"mauticform-errormsg\" style=\"display:none;\">Isso \u00e9 obrigat\u00f3rio.<\/span>\n<\/div>\n                  \n\n\n      \n  \n    \n\n\n    \n\n                    \n<div id=\"mauticform_formhelpcontato_email1\" class=\"mauticform-row mauticform-text mauticform-field-2 mauticform-required\" data-validate=\"email1\" data-validation-type=\"text\">\n  <label id=\"mauticform_label_formhelpcontato_email1\" for=\"mauticform_input_formhelpcontato_email1\" class=\"mauticform-label\">EMAIL<\/label>\n  \n      <input type=\"text\" name=\"mauticform[email1]\" value=\"\" id=\"mauticform_input_formhelpcontato_email1\" class=\"mauticform-input\">\n  \n  <span class=\"mauticform-errormsg\" style=\"display:none;\">Isso \u00e9 obrigat\u00f3rio.<\/span>\n<\/div>\n                  \n\n\n      \n\n    \n\n\n    \n\n                    \n<div id=\"mauticform_formhelpcontato_como_podemos_ajudar1\" class=\"mauticform-row mauticform-text mauticform-field-3 mauticform-required\" data-validate=\"como_podemos_ajudar1\" data-validation-type=\"textarea\">\n  <label id=\"mauticform_label_formhelpcontato_como_podemos_ajudar1\" for=\"mauticform_input_formhelpcontato_como_podemos_ajudar1\" class=\"mauticform-label\">COMO PODEMOS AJUDAR?<\/label>\n  \n      <textarea name=\"mauticform[como_podemos_ajudar1]\" id=\"mauticform_input_formhelpcontato_como_podemos_ajudar1\" class=\"mauticform-textarea\"><\/textarea>\n  \n  <span class=\"mauticform-errormsg\" style=\"display:none;\">Isso \u00e9 obrigat\u00f3rio.<\/span>\n<\/div>\n                  \n\n\n\n\n      \n  \n    \n\n\n    \n\n                    \n<div id=\"mauticform_formhelpcontato_captcha\" class=\"mauticform-row mauticform-text mauticform-field-4 mauticform-required\" data-validate=\"captcha\" data-validation-type=\"captcha\">\n  <label id=\"mauticform_label_formhelpcontato_captcha\" for=\"mauticform_input_formhelpcontato_captcha\" class=\"mauticform-label\">Quantos \u00e9 8 + 5 ?<\/label>\n  <span class=\"mauticform-helpmessage\">8+5= ?<\/span>\n      <input type=\"text\" name=\"mauticform[captcha]\" value=\"\" id=\"mauticform_input_formhelpcontato_captcha\" class=\"mauticform-input\">\n  \n  <span class=\"mauticform-errormsg\" style=\"display:none;\">Isso \u00e9 obrigat\u00f3rio.<\/span>\n<\/div>\n                  \n      \n  \n    \n    \n<div id=\"mauticform_formhelpcontato_submit\" class=\"mauticform-row mauticform-button-wrapper mauticform-field-5\">\n  <button class=\"btn btn-ghost mauticform-button\" name=\"mauticform[submit]\" value=\"1\" id=\"mauticform_input_formhelpcontato_submit\" type=\"submit\">Enviar<\/button>\n<\/div>\n                  <\/div><\/div><input type=\"hidden\" name=\"mauticform[formId]\" id=\"mauticform_formhelpcontato_id\" value=\"6\">\n        <input type=\"hidden\" name=\"mauticform[return]\" id=\"mauticform_formhelpcontato_return\" value=\"\">\n        <input type=\"hidden\" name=\"mauticform[formName]\" id=\"mauticform_formhelpcontato_name\" value=\"formhelpcontato\">\n        \n    <\/form>\n<\/div>\n\n\n\n\n\n<hr class=\"wp-block-separator has-alpha-channel-opacity\"\/>\n\n\n\n<p>Estamos ansiosos para ouvir de voc\u00ea e ajudar da melhor maneira poss\u00edvel. Conecte-se conosco hoje e vamos trabalhar juntos para tornar a AgendaVivaPb ainda melhor!<\/p>\n","protected":false},"excerpt":{"rendered":"<p>Estamos sempre ansiosos para nos conectar com nossos leitores e parceiros. Se voc\u00ea tiver feedback, d\u00favidas ou sugest\u00f5es, estamos aqui para ajudar! Veja como voc\u00ea pode entrar em contato conosco: Envie-nos um E-mail Para perguntas gerais, suporte ou feedback, por favor, envie um e-mail para: help@izzotodigital.com.br Nos esfor\u00e7amos para responder a todos os e-mails dentro [&hellip;]<\/p>\n","protected":false},"author":1,"featured_media":0,"parent":0,"menu_order":0,"comment_status":"closed","ping_status":"open","template":"","meta":{"footnotes":""},"class_list":["post-2","page","type-page","status-publish","hentry","entry"],"_links":{"self":[{"href":"https:\/\/agendavivapb.com.br\/fr\/wp-json\/wp\/v2\/pages\/2","targetHints":{"allow":["GET"]}}],"collection":[{"href":"https:\/\/agendavivapb.com.br\/fr\/wp-json\/wp\/v2\/pages"}],"about":[{"href":"https:\/\/agendavivapb.com.br\/fr\/wp-json\/wp\/v2\/types\/page"}],"author":[{"embeddable":true,"href":"https:\/\/agendavivapb.com.br\/fr\/wp-json\/wp\/v2\/users\/1"}],"replies":[{"embeddable":true,"href":"https:\/\/agendavivapb.com.br\/fr\/wp-json\/wp\/v2\/comments?post=2"}],"version-history":[{"count":1,"href":"https:\/\/agendavivapb.com.br\/fr\/wp-json\/wp\/v2\/pages\/2\/revisions"}],"predecessor-version":[{"id":288130,"href":"https:\/\/agendavivapb.com.br\/fr\/wp-json\/wp\/v2\/pages\/2\/revisions\/288130"}],"wp:attachment":[{"href":"https:\/\/agendavivapb.com.br\/fr\/wp-json\/wp\/v2\/media?parent=2"}],"curies":[{"name":"wp","href":"https:\/\/api.w.org\/{rel}","templated":true}]}}