{"id":287397,"date":"2024-03-14T18:54:20","date_gmt":"2024-03-14T21:54:20","guid":{"rendered":"https:\/\/agendavivapb.com.br\/?page_id=287397"},"modified":"2024-07-09T13:50:01","modified_gmt":"2024-07-09T16:50:01","slug":"aplicativo-gratis-para-assistir-o-bbb-24-no-celular-ads","status":"publish","type":"page","link":"https:\/\/agendavivapb.com.br\/es\/aplicacion-gratuita-para-ver-anuncios-de-bbb-24-en-el-movil\/","title":{"rendered":"Aplicaci\u00f3n gratuita para ver BBB 24 en tu m\u00f3vil - anuncios"},"content":{"rendered":"<div data-elementor-type=\"wp-page\" data-elementor-id=\"287397\" class=\"elementor elementor-287397\" data-elementor-post-type=\"page\">\n\t\t\t\t\t\t<section class=\"elementor-section elementor-top-section elementor-element elementor-element-79bc804 elementor-section-boxed elementor-section-height-default elementor-section-height-default\" data-id=\"79bc804\" data-element_type=\"section\" data-e-type=\"section\">\n\t\t\t\t\t\t<div class=\"elementor-container elementor-column-gap-default\">\n\t\t\t\t\t<div class=\"elementor-column elementor-col-100 elementor-top-column elementor-element elementor-element-8542cc5\" data-id=\"8542cc5\" data-element_type=\"column\" data-e-type=\"column\" data-settings=\"{&quot;background_background&quot;:&quot;classic&quot;}\">\n\t\t\t<div class=\"elementor-widget-wrap elementor-element-populated\">\n\t\t\t\t\t\t<div class=\"elementor-element elementor-element-50d5b75 elementor-widget elementor-widget-heading\" data-id=\"50d5b75\" data-element_type=\"widget\" data-e-type=\"widget\" data-widget_type=\"heading.default\">\n\t\t\t\t<div class=\"elementor-widget-container\">\n\t\t\t\t\t<h2 class=\"elementor-heading-title elementor-size-default\">Aplicaci\u00f3n gratuita para ver BBB 24 en su tel\u00e9fono m\u00f3vil<\/h2>\t\t\t\t<\/div>\n\t\t\t\t<\/div>\n\t\t\t\t<div class=\"elementor-element elementor-element-2f2259f elementor-widget elementor-widget-text-editor\" data-id=\"2f2259f\" data-element_type=\"widget\" data-e-type=\"widget\" data-widget_type=\"text-editor.default\">\n\t\t\t\t<div class=\"elementor-widget-container\">\n\t\t\t\t\t\t\t\t\t<p>Hemos creado una gu\u00eda para ayudarle a elegir el mejor <strong>aplicaci\u00f3n para ver Gran Hermano 2024 en tu m\u00f3vil<\/strong>. Descubre c\u00f3mo puedes seguir todo lo que ocurre en Gran Hermano Brasil. Las mejores apps para ver lo que pasa en tiempo real.<\/p>\t\t\t\t\t\t\t\t<\/div>\n\t\t\t\t<\/div>\n\t\t\t\t<div class=\"elementor-element elementor-element-ba50572 elementor-widget elementor-widget-html\" data-id=\"ba50572\" data-element_type=\"widget\" data-e-type=\"widget\" data-widget_type=\"html.default\">\n\t\t\t\t<div class=\"elementor-widget-container\">\n\t\t\t\t\t<!-- Event snippet for PAGEVIEW - AGORA NOT\u00cdCIAS conversion page -->\r\n<script>\r\n  gtag('event', 'conversion', {'send_to': 'AW-10939985175\/yXQdCPTQnZ8YEJfay-Ao'});\r\n<\/script>\r\n\t\t\t\t<\/div>\n\t\t\t\t<\/div>\n\t\t\t\t\t<\/div>\n\t\t<\/div>\n\t\t\t\t\t<\/div>\n\t\t<\/section>\n\t\t\t\t<section class=\"elementor-section elementor-top-section elementor-element elementor-element-76035ba elementor-section-boxed elementor-section-height-default elementor-section-height-default\" data-id=\"76035ba\" data-element_type=\"section\" data-e-type=\"section\" data-settings=\"{&quot;background_background&quot;:&quot;classic&quot;,&quot;shape_divider_top&quot;:&quot;wave-brush&quot;}\">\n\t\t\t\t\t<div class=\"elementor-shape elementor-shape-top\" aria-hidden=\"true\" data-negative=\"false\">\n\t\t\t<svg xmlns=\"http:\/\/www.w3.org\/2000\/svg\" viewbox=\"0 0 283.5 27.8\" preserveaspectratio=\"none\">\n\t<path class=\"elementor-shape-fill\" d=\"M283.5,9.7c0,0-7.3,4.3-14,4.6c-6.8,0.3-12.6,0-20.9-1.5c-11.3-2-33.1-10.1-44.7-5.7\ts-12.1,4.6-18,7.4c-6.6,3.2-20,9.6-36.6,9.3C131.6,23.5,99.5,7.2,86.3,8c-1.4,0.1-6.6,0.8-10.5,2c-3.8,1.2-9.4,3.8-17,4.7\tc-3.2,0.4-8.3,1.1-14.2,0.9c-1.5-0.1-6.3-0.4-12-1.6c-5.7-1.2-11-3.1-15.8-3.7C6.5,9.2,0,10.8,0,10.8V0h283.5V9.7z M260.8,11.3\tc-0.7-1-2-0.4-4.3-0.4c-2.3,0-6.1-1.2-5.8-1.1c0.3,0.1,3.1,1.5,6,1.9C259.7,12.2,261.4,12.3,260.8,11.3z M242.4,8.6\tc0,0-2.4-0.2-5.6-0.9c-3.2-0.8-10.3-2.8-15.1-3.5c-8.2-1.1-15.8,0-15.1,0.1c0.8,0.1,9.6-0.6,17.6,1.1c3.3,0.7,9.3,2.2,12.4,2.7\tC239.9,8.7,242.4,8.6,242.4,8.6z M185.2,8.5c1.7-0.7-13.3,4.7-18.5,6.1c-2.1,0.6-6.2,1.6-10,2c-3.9,0.4-8.9,0.4-8.8,0.5\tc0,0.2,5.8,0.8,11.2,0c5.4-0.8,5.2-1.1,7.6-1.6C170.5,14.7,183.5,9.2,185.2,8.5z M199.1,6.9c0.2,0-0.8-0.4-4.8,1.1\tc-4,1.5-6.7,3.5-6.9,3.7c-0.2,0.1,3.5-1.8,6.6-3C197,7.5,199,6.9,199.1,6.9z M283,6c-0.1,0.1-1.9,1.1-4.8,2.5s-6.9,2.8-6.7,2.7\tc0.2,0,3.5-0.6,7.4-2.5C282.8,6.8,283.1,5.9,283,6z M31.3,11.6c0.1-0.2-1.9-0.2-4.5-1.2s-5.4-1.6-7.8-2C15,7.6,7.3,8.5,7.7,8.6\tC8,8.7,15.9,8.3,20.2,9.3c2.2,0.5,2.4,0.5,5.7,1.6S31.2,11.9,31.3,11.6z M73,9.2c0.4-0.1,3.5-1.6,8.4-2.6c4.9-1.1,8.9-0.5,8.9-0.8\tc0-0.3-1-0.9-6.2-0.3S72.6,9.3,73,9.2z M71.6,6.7C71.8,6.8,75,5.4,77.3,5c2.3-0.3,1.9-0.5,1.9-0.6c0-0.1-1.1-0.2-2.7,0.2\tC74.8,5.1,71.4,6.6,71.6,6.7z M93.6,4.4c0.1,0.2,3.5,0.8,5.6,1.8c2.1,1,1.8,0.6,1.9,0.5c0.1-0.1-0.8-0.8-2.4-1.3\tC97.1,4.8,93.5,4.2,93.6,4.4z M65.4,11.1c-0.1,0.3,0.3,0.5,1.9-0.2s2.6-1.3,2.2-1.2s-0.9,0.4-2.5,0.8C65.3,10.9,65.5,10.8,65.4,11.1\tz M34.5,12.4c-0.2,0,2.1,0.8,3.3,0.9c1.2,0.1,2,0.1,2-0.2c0-0.3-0.1-0.5-1.6-0.4C36.6,12.8,34.7,12.4,34.5,12.4z M152.2,21.1\tc-0.1,0.1-2.4-0.3-7.5-0.3c-5,0-13.6-2.4-17.2-3.5c-3.6-1.1,10,3.9,16.5,4.1C150.5,21.6,152.3,21,152.2,21.1z\"\/>\n\t<path class=\"elementor-shape-fill\" d=\"M269.6,18c-0.1-0.1-4.6,0.3-7.2,0c-7.3-0.7-17-3.2-16.6-2.9c0.4,0.3,13.7,3.1,17,3.3\tC267.7,18.8,269.7,18,269.6,18z\"\/>\n\t<path class=\"elementor-shape-fill\" d=\"M227.4,9.8c-0.2-0.1-4.5-1-9.5-1.2c-5-0.2-12.7,0.6-12.3,0.5c0.3-0.1,5.9-1.8,13.3-1.2\tS227.6,9.9,227.4,9.8z\"\/>\n\t<path class=\"elementor-shape-fill\" d=\"M204.5,13.4c-0.1-0.1,2-1,3.2-1.1c1.2-0.1,2,0,2,0.3c0,0.3-0.1,0.5-1.6,0.4\tC206.4,12.9,204.6,13.5,204.5,13.4z\"\/>\n\t<path class=\"elementor-shape-fill\" d=\"M201,10.6c0-0.1-4.4,1.2-6.3,2.2c-1.9,0.9-6.2,3.1-6.1,3.1c0.1,0.1,4.2-1.6,6.3-2.6\tS201,10.7,201,10.6z\"\/>\n\t<path class=\"elementor-shape-fill\" d=\"M154.5,26.7c-0.1-0.1-4.6,0.3-7.2,0c-7.3-0.7-17-3.2-16.6-2.9c0.4,0.3,13.7,3.1,17,3.3\tC152.6,27.5,154.6,26.8,154.5,26.7z\"\/>\n\t<path class=\"elementor-shape-fill\" d=\"M41.9,19.3c0,0,1.2-0.3,2.9-0.1c1.7,0.2,5.8,0.9,8.2,0.7c4.2-0.4,7.4-2.7,7-2.6\tc-0.4,0-4.3,2.2-8.6,1.9c-1.8-0.1-5.1-0.5-6.7-0.4S41.9,19.3,41.9,19.3z\"\/>\n\t<path class=\"elementor-shape-fill\" d=\"M75.5,12.6c0.2,0.1,2-0.8,4.3-1.1c2.3-0.2,2.1-0.3,2.1-0.5c0-0.1-1.8-0.4-3.4,0\tC76.9,11.5,75.3,12.5,75.5,12.6z\"\/>\n\t<path class=\"elementor-shape-fill\" d=\"M15.6,13.2c0-0.1,4.3,0,6.7,0.5c2.4,0.5,5,1.9,5,2c0,0.1-2.7-0.8-5.1-1.4\tC19.9,13.7,15.7,13.3,15.6,13.2z\"\/>\n<\/svg>\t\t<\/div>\n\t\t\t\t\t<div class=\"elementor-container elementor-column-gap-default\">\n\t\t\t\t\t<div class=\"elementor-column elementor-col-100 elementor-top-column elementor-element elementor-element-b16d8f1\" data-id=\"b16d8f1\" data-element_type=\"column\" data-e-type=\"column\" data-settings=\"{&quot;background_background&quot;:&quot;classic&quot;}\">\n\t\t\t<div class=\"elementor-widget-wrap elementor-element-populated\">\n\t\t\t\t\t\t<div class=\"elementor-element elementor-element-9f8480b elementor-widget elementor-widget-text-editor\" data-id=\"9f8480b\" data-element_type=\"widget\" data-e-type=\"widget\" data-widget_type=\"text-editor.default\">\n\t\t\t\t<div class=\"elementor-widget-container\">\n\t\t\t\t\t\t\t\t\t<p>O <strong>Gran Hermano Brasil (BBB)<\/strong> es un programa brasile\u00f1o de telerrealidad, inspirado en la versi\u00f3n original de Gran Hermano, concebido por el productor holand\u00e9s John de Mol. Desde su inicio en 2002 en Rede Globo, se ha consolidado r\u00e1pidamente como uno de los programas de televisi\u00f3n m\u00e1s populares e influyentes de Brasil. La premisa de BBB es sencilla: un grupo de concursantes, llamados \"hermanos\", se a\u00edslan en una casa, vigilada las veinticuatro horas del d\u00eda por c\u00e1maras, sin ning\u00fan contacto con el mundo exterior ni comunicaci\u00f3n con personas externas.<\/p>\t\t\t\t\t\t\t\t<\/div>\n\t\t\t\t<\/div>\n\t\t\t\t<div class=\"elementor-element elementor-element-2253561 elementor-widget elementor-widget-image\" data-id=\"2253561\" data-element_type=\"widget\" data-e-type=\"widget\" data-widget_type=\"image.default\">\n\t\t\t\t<div class=\"elementor-widget-container\">\n\t\t\t\t\t\t\t\t\t\t\t\t\t\t\t\t<a href=\"#\">\n\t\t\t\t\t\t\t<img fetchpriority=\"high\" decoding=\"async\" width=\"1200\" height=\"750\" src=\"https:\/\/agendavivapb.com.br\/wp-content\/uploads\/2024\/03\/Streaming-assistir-BBB-24.webp\" class=\"attachment-full size-full wp-image-287399\" alt=\"Streaming para ver BBB 24\" srcset=\"https:\/\/agendavivapb.com.br\/wp-content\/uploads\/2024\/03\/Streaming-assistir-BBB-24.webp 1200w, https:\/\/agendavivapb.com.br\/wp-content\/uploads\/2024\/03\/Streaming-assistir-BBB-24-300x188.webp 300w, https:\/\/agendavivapb.com.br\/wp-content\/uploads\/2024\/03\/Streaming-assistir-BBB-24-1024x640.webp 1024w, https:\/\/agendavivapb.com.br\/wp-content\/uploads\/2024\/03\/Streaming-assistir-BBB-24-768x480.webp 768w, https:\/\/agendavivapb.com.br\/wp-content\/uploads\/2024\/03\/Streaming-assistir-BBB-24-18x12.webp 18w\" sizes=\"(max-width: 1200px) 100vw, 1200px\" \/>\t\t\t\t\t\t\t\t<\/a>\n\t\t\t\t\t\t\t\t\t\t\t\t\t\t\t<\/div>\n\t\t\t\t<\/div>\n\t\t\t\t<div class=\"elementor-element elementor-element-38b3090 elementor-widget elementor-widget-heading\" data-id=\"38b3090\" data-element_type=\"widget\" data-e-type=\"widget\" data-widget_type=\"heading.default\">\n\t\t\t\t<div class=\"elementor-widget-container\">\n\t\t\t\t\t<h2 class=\"elementor-heading-title elementor-size-default\">Ver TV online<\/h2>\t\t\t\t<\/div>\n\t\t\t\t<\/div>\n\t\t\t\t<div class=\"elementor-element elementor-element-d9a8a78 elementor-align-center elementor-mobile-align-start elementor-icon-list--layout-traditional elementor-list-item-link-full_width elementor-widget elementor-widget-icon-list\" data-id=\"d9a8a78\" data-element_type=\"widget\" data-e-type=\"widget\" data-widget_type=\"icon-list.default\">\n\t\t\t\t<div class=\"elementor-widget-container\">\n\t\t\t\t\t\t\t<ul class=\"elementor-icon-list-items\">\n\t\t\t\t\t\t\t<li class=\"elementor-icon-list-item\">\n\t\t\t\t\t\t\t\t\t\t\t<span class=\"elementor-icon-list-icon\">\n\t\t\t\t\t\t\t<i aria-hidden=\"true\" class=\"fas fa-check\"><\/i>\t\t\t\t\t\t<\/span>\n\t\t\t\t\t\t\t\t\t\t<span class=\"elementor-icon-list-text\">Ver desde cualquier lugar<\/span>\n\t\t\t\t\t\t\t\t\t<\/li>\n\t\t\t\t\t\t\t\t<li class=\"elementor-icon-list-item\">\n\t\t\t\t\t\t\t\t\t\t\t<span class=\"elementor-icon-list-icon\">\n\t\t\t\t\t\t\t<i aria-hidden=\"true\" class=\"fas fa-check\"><\/i>\t\t\t\t\t\t<\/span>\n\t\t\t\t\t\t\t\t\t\t<span class=\"elementor-icon-list-text\">Aplicaci\u00f3n gratuita para radiodifusores<\/span>\n\t\t\t\t\t\t\t\t\t<\/li>\n\t\t\t\t\t\t\t\t<li class=\"elementor-icon-list-item\">\n\t\t\t\t\t\t\t\t\t\t\t<span class=\"elementor-icon-list-icon\">\n\t\t\t\t\t\t\t<i aria-hidden=\"true\" class=\"fas fa-check\"><\/i>\t\t\t\t\t\t<\/span>\n\t\t\t\t\t\t\t\t\t\t<span class=\"elementor-icon-list-text\">Retransmisiones en directo<\/span>\n\t\t\t\t\t\t\t\t\t<\/li>\n\t\t\t\t\t\t\t\t<li class=\"elementor-icon-list-item\">\n\t\t\t\t\t\t\t\t\t\t\t<span class=\"elementor-icon-list-icon\">\n\t\t\t\t\t\t\t<i aria-hidden=\"true\" class=\"fas fa-check\"><\/i>\t\t\t\t\t\t<\/span>\n\t\t\t\t\t\t\t\t\t\t<span class=\"elementor-icon-list-text\">Todos los canales de TV<\/span>\n\t\t\t\t\t\t\t\t\t<\/li>\n\t\t\t\t\t\t<\/ul>\n\t\t\t\t\t\t<\/div>\n\t\t\t\t<\/div>\n\t\t\t\t\t<\/div>\n\t\t<\/div>\n\t\t\t\t\t<\/div>\n\t\t<\/section>\n\t\t\t\t<section class=\"elementor-section elementor-top-section elementor-element elementor-element-9c2cbb4 elementor-section-boxed elementor-section-height-default elementor-section-height-default\" data-id=\"9c2cbb4\" data-element_type=\"section\" data-e-type=\"section\">\n\t\t\t\t\t\t<div class=\"elementor-container elementor-column-gap-default\">\n\t\t\t\t\t<div class=\"elementor-column elementor-col-100 elementor-top-column elementor-element elementor-element-b661734\" data-id=\"b661734\" data-element_type=\"column\" data-e-type=\"column\">\n\t\t\t<div class=\"elementor-widget-wrap elementor-element-populated\">\n\t\t\t\t\t\t<div class=\"elementor-element elementor-element-d53cbdf elementor-widget elementor-widget-text-editor\" data-id=\"d53cbdf\" data-element_type=\"widget\" data-e-type=\"widget\" data-widget_type=\"text-editor.default\">\n\t\t\t\t<div class=\"elementor-widget-container\">\n\t\t\t\t\t\t\t\t\t<h2><strong>Ver Gran Hermano Brasil a trav\u00e9s de aplicaciones m\u00f3viles<\/strong><\/h2><p>Gran Hermano Brasil (BBB), uno de los reality shows de mayor repercusi\u00f3n de Brasil, ha sido testigo de una evoluci\u00f3n constante desde su creaci\u00f3n. Con la revoluci\u00f3n digital en pleno apogeo, la forma en que seguimos este icono de la televisi\u00f3n tambi\u00e9n se ha transformado radicalmente. En el centro de este cambio est\u00e1n las aplicaciones para ver Gran Hermano Brasil, que han surgido como actores clave, introduciendo nuevas din\u00e1micas de compromiso e interactividad para los espectadores. Este texto profundiza en c\u00f3mo la descarga y el uso de estas aplicaciones est\u00e1 remodelando la experiencia de ver BBB, preparando el escenario para una exploraci\u00f3n m\u00e1s profunda del impacto de estas aplicaciones y orientaci\u00f3n sobre c\u00f3mo descargar la aplicaci\u00f3n para ver BBB en un pr\u00f3ximo art\u00edculo.<\/p><p>Cambio en el paradigma de visualizaci\u00f3n<\/p><p>Antes, ver la televisi\u00f3n significaba sintonizarla en el momento exacto frente al televisor. El BBB segu\u00eda esta regla, pero la era de los tel\u00e9fonos inteligentes y las tabletas ha cambiado por completo este escenario. La posibilidad de descargar aplicaciones para ver Gran Hermano Brasil en cualquier momento y en cualquier lugar ha cambiado radicalmente la forma en que interactuamos con los contenidos televisivos.<\/p><p>La era de las aplicaciones de streaming<\/p><p>Las aplicaciones para ver Gran Hermano Brasil no s\u00f3lo han cambiado la forma en que vemos el programa, sino tambi\u00e9n c\u00f3mo nos relacionamos con \u00e9l. Estas aplicaciones ofrecen funcionalidades que van m\u00e1s all\u00e1 del visionado tradicional, permitiendo a los fans votar, comentar y participar de diversas maneras. Este nivel de interacci\u00f3n ofrece una experiencia m\u00e1s envolvente y atractiva.<\/p><p>Ventajas de la visualizaci\u00f3n de aplicaciones<\/p><p>Flexibilidad y comodidad<\/p><p>La mayor ventaja de descargar la aplicaci\u00f3n para ver BBB es la flexibilidad. Los espectadores ya no est\u00e1n limitados a los horarios tradicionales. Pueden ver en directo o volver a ver episodios anteriores cuando quieran.<\/p><p>Interactividad mejorada<\/p><p>Las aplicaciones para ver Gran Hermano Brasil permiten una interacci\u00f3n directa con el programa, ofreciendo votaciones, encuestas y otras funciones que permiten al espectador desempe\u00f1ar un papel m\u00e1s activo en el desarrollo del programa.<\/p><p>Experiencia personalizada<\/p><p>La descarga de la aplicaci\u00f3n para ver el BBB ofrece una experiencia de visualizaci\u00f3n personalizada. Los usuarios pueden establecer sus propios horarios, eligiendo qu\u00e9 y cu\u00e1ndo ver, personalizando su viaje BBB.<\/p><p>Retos y consideraciones<\/p><p>Aunque hay muchas ventajas, tambi\u00e9n hay retos, como la dependencia de la velocidad de internet y del tipo de dispositivo utilizado. La fragmentaci\u00f3n del mercado del streaming tambi\u00e9n puede afectar a la disponibilidad y calidad de los contenidos.<\/p><p>Impacto cultural y social<\/p><p>Las aplicaciones de streaming de BBB tienen un impacto significativo en la cultura popular y las interacciones sociales, con las redes sociales repletas de debates sobre el programa, impulsados por las experiencias compartidas a trav\u00e9s de estas aplicaciones.<\/p><p>El futuro de BBB en la era digital<\/p><p>Con los avances tecnol\u00f3gicos, podemos anticipar continuas innovaciones en la forma de ver e interactuar con el BBB. La realidad aumentada y funciones interactivas m\u00e1s sofisticadas son solo algunas de las posibilidades que nos esperan.<\/p><p>La transformaci\u00f3n digital ha redefinido profundamente la forma en que seguimos Gran Hermano Brasil, con las aplicaciones de streaming en el centro de este cambio. Si quieres saber cu\u00e1les son estas aplicaciones para poder disfrutar de BBB 24 en directo, lee nuestro pr\u00f3ximo art\u00edculo completo en el que hablaremos de ello.<\/p>\t\t\t\t\t\t\t\t<\/div>\n\t\t\t\t<\/div>\n\t\t\t\t\t<\/div>\n\t\t<\/div>\n\t\t\t\t\t<\/div>\n\t\t<\/section>\n\t\t\t\t<\/div>","protected":false},"excerpt":{"rendered":"<p>Aplicativo gr\u00e1tis para assistir o BBB 24 no celular Criamos um guia para ajud\u00e1-lo a selecionar o melhor aplicativo para assistir o Big Brother Brasil 2024 no seu celular. Aprenda como voc\u00ea pode acompanhar tudo o que rola no Big Brother Brasil. Os melhores aplicativos para assistir ao vivo o que acontece em tempo real. [&hellip;]<\/p>\n","protected":false},"author":1,"featured_media":0,"parent":0,"menu_order":0,"comment_status":"closed","ping_status":"closed","template":"elementor_header_footer","meta":{"footnotes":""},"class_list":["post-287397","page","type-page","status-publish","hentry","entry"],"_links":{"self":[{"href":"https:\/\/agendavivapb.com.br\/es\/wp-json\/wp\/v2\/pages\/287397","targetHints":{"allow":["GET"]}}],"collection":[{"href":"https:\/\/agendavivapb.com.br\/es\/wp-json\/wp\/v2\/pages"}],"about":[{"href":"https:\/\/agendavivapb.com.br\/es\/wp-json\/wp\/v2\/types\/page"}],"author":[{"embeddable":true,"href":"https:\/\/agendavivapb.com.br\/es\/wp-json\/wp\/v2\/users\/1"}],"replies":[{"embeddable":true,"href":"https:\/\/agendavivapb.com.br\/es\/wp-json\/wp\/v2\/comments?post=287397"}],"version-history":[{"count":0,"href":"https:\/\/agendavivapb.com.br\/es\/wp-json\/wp\/v2\/pages\/287397\/revisions"}],"wp:attachment":[{"href":"https:\/\/agendavivapb.com.br\/es\/wp-json\/wp\/v2\/media?parent=287397"}],"curies":[{"name":"wp","href":"https:\/\/api.w.org\/{rel}","templated":true}]}}