{"id":103,"date":"2023-10-13T14:46:49","date_gmt":"2023-10-13T14:46:49","guid":{"rendered":"https:\/\/agendavivapb.com.br\/sobre\/"},"modified":"2024-07-12T13:01:10","modified_gmt":"2024-07-12T16:01:10","slug":"sobre","status":"publish","type":"page","link":"https:\/\/agendavivapb.com.br\/es\/acerca-de\/","title":{"rendered":"Acerca de"},"content":{"rendered":"<p>\u00a1Bienvenido a AgendaVivaPb!<\/p>\n\n\n\n<p>En AgendaVivaPb, nuestra misi\u00f3n es ofrecerte la mejor informaci\u00f3n y consejos sobre aplicaciones m\u00f3viles, finanzas personales, oportunidades laborales y las \u00faltimas noticias en general. Queremos ser tu fuente de conocimiento e inspiraci\u00f3n de confianza para ayudarte a sacar el m\u00e1ximo partido a la tecnolog\u00eda, gestionar mejor tus finanzas, encontrar las mejores oportunidades profesionales y mantenerte informado sobre los acontecimientos m\u00e1s importantes.<\/p>\n\n\n\n<h3 class=\"wp-block-heading\">Nuestros temas principales<\/h3>\n\n\n\n<p><strong>Aplicaciones m\u00f3viles<\/strong><\/p>\n\n\n\n<p>Exploramos y analizamos las mejores aplicaciones disponibles en el mercado para diversos fines: desde productividad y entretenimiento hasta salud y bienestar. Nuestro objetivo es ayudarte a descubrir herramientas \u00fatiles que pueden hacer tu vida diaria m\u00e1s f\u00e1cil y enriquecedora.<\/p>\n\n\n\n<p><strong>Finanzas personales<\/strong><\/p>\n\n\n\n<p>Le ofrecemos consejos pr\u00e1cticos y estrategias para mejorar su salud financiera. Desde consejos para ahorrar e invertir hasta planificaci\u00f3n financiera y elaboraci\u00f3n de presupuestos personales, estamos aqu\u00ed para guiarte hacia un futuro financiero m\u00e1s seguro y estable.<\/p>\n\n\n\n<p><strong>Oportunidades de empleo<\/strong><\/p>\n\n\n\n<p>Sabemos que encontrar la oportunidad laboral adecuada puede ser todo un reto. Por eso hemos recopilado consejos profesionales, orientaciones sobre c\u00f3mo preparar un CV eficaz, consejos para entrevistas de trabajo y las mejores oportunidades disponibles en el mercado laboral.<\/p>\n\n\n\n<p><strong>Noticias generales<\/strong><\/p>\n\n\n\n<p>Mant\u00e9ngase al d\u00eda de las \u00faltimas noticias y acontecimientos importantes en todo el mundo. Nuestro equipo se dedica a ofrecerle informaci\u00f3n precisa y relevante para que est\u00e9 siempre bien informado.<\/p>\n\n\n\n<h3 class=\"wp-block-heading\">Nuestra misi\u00f3n<\/h3>\n\n\n\n<p>Creemos que la informaci\u00f3n es poderosa y que comparti\u00e9ndola de forma accesible y comprensible podemos capacitar a nuestros lectores para tomar decisiones informadas y mejorar sus vidas. Nuestro compromiso es ofrecer contenidos de calidad, actualizados y relevantes para satisfacer sus necesidades e intereses.<\/p>\n\n\n\n<h3 class=\"wp-block-heading\">Cont\u00e1ctenos<\/h3>\n\n\n\n<p>Nos encanta conectar con nuestros lectores y socios. Si tiene alguna sugerencia, pregunta o comentario, no dude en ponerse en contacto con nosotros. Estamos aqu\u00ed para escuchar y ayudar en todo lo que podamos.<\/p>\n\n\n\n<ul class=\"wp-block-list\">\n<li><strong>Correo electr\u00f3nico:<\/strong> <a>help@izzotodigital.com.br<\/a><\/li>\n\n\n\n<li><strong>Twitter:<\/strong> @izzotodigital<\/li>\n\n\n\n<li><strong>Instagram:<\/strong> @izzotodigital<\/li>\n\n\n\n<li><strong>Facebook:<\/strong> @izzotodigital<\/li>\n<\/ul>\n\n\n\n<h3 class=\"wp-block-heading\">\u00danete a nosotros<\/h3>\n\n\n\n<p>S\u00edganos en las redes sociales para estar al d\u00eda de las \u00faltimas noticias, consejos exclusivos y mucho m\u00e1s. Estamos deseando construir con usted una comunidad comprometida e informada.<\/p>\n\n\n\n<p>\u00a1Muchas gracias por visitar AgendaVivaPb! Esperamos que disfrutes de nuestro contenido y que marque la diferencia en tu vida. Exploremos juntos el mundo de las aplicaciones, las finanzas, el empleo y las noticias.<\/p>","protected":false},"excerpt":{"rendered":"<p>Bem-vindo ao AgendaVivaPb! No AgendaVivaPb, nossa miss\u00e3o \u00e9 trazer as melhores informa\u00e7\u00f5es e dicas sobre aplicativos para celular, finan\u00e7as pessoais, oportunidades de emprego e as \u00faltimas not\u00edcias em geral. Queremos ser sua fonte confi\u00e1vel de conhecimento e inspira\u00e7\u00e3o para ajud\u00e1-lo a aproveitar ao m\u00e1ximo a tecnologia, administrar melhor suas finan\u00e7as, encontrar as melhores oportunidades de [&hellip;]<\/p>\n","protected":false},"author":1,"featured_media":0,"parent":0,"menu_order":0,"comment_status":"closed","ping_status":"closed","template":"","meta":{"footnotes":""},"class_list":["post-103","page","type-page","status-publish","hentry","entry"],"_links":{"self":[{"href":"https:\/\/agendavivapb.com.br\/es\/wp-json\/wp\/v2\/pages\/103","targetHints":{"allow":["GET"]}}],"collection":[{"href":"https:\/\/agendavivapb.com.br\/es\/wp-json\/wp\/v2\/pages"}],"about":[{"href":"https:\/\/agendavivapb.com.br\/es\/wp-json\/wp\/v2\/types\/page"}],"author":[{"embeddable":true,"href":"https:\/\/agendavivapb.com.br\/es\/wp-json\/wp\/v2\/users\/1"}],"replies":[{"embeddable":true,"href":"https:\/\/agendavivapb.com.br\/es\/wp-json\/wp\/v2\/comments?post=103"}],"version-history":[{"count":0,"href":"https:\/\/agendavivapb.com.br\/es\/wp-json\/wp\/v2\/pages\/103\/revisions"}],"wp:attachment":[{"href":"https:\/\/agendavivapb.com.br\/es\/wp-json\/wp\/v2\/media?parent=103"}],"curies":[{"name":"wp","href":"https:\/\/api.w.org\/{rel}","templated":true}]}}