{"id":103,"date":"2023-10-13T14:46:49","date_gmt":"2023-10-13T14:46:49","guid":{"rendered":"https:\/\/agendavivapb.com.br\/sobre\/"},"modified":"2024-07-12T13:01:10","modified_gmt":"2024-07-12T16:01:10","slug":"sobre","status":"publish","type":"page","link":"https:\/\/agendavivapb.com.br\/de\/um\/","title":{"rendered":"Um"},"content":{"rendered":"<p>Willkommen bei AgendaVivaPb!<\/p>\n\n\n\n<p>Wir von AgendaVivaPb haben es uns zur Aufgabe gemacht, Ihnen die besten Informationen und Tipps zu mobilen Anwendungen, pers\u00f6nlichen Finanzen, Besch\u00e4ftigungsm\u00f6glichkeiten und den neuesten Nachrichten im Allgemeinen zu bieten. Wir wollen Ihre vertrauensw\u00fcrdige Wissens- und Inspirationsquelle sein, die Ihnen hilft, das Beste aus der Technologie zu machen, Ihre Finanzen besser zu verwalten, die besten Karrierem\u00f6glichkeiten zu finden und \u00fcber die wichtigsten Ereignisse informiert zu bleiben.<\/p>\n\n\n\n<h3 class=\"wp-block-heading\">Unsere Hauptthemen<\/h3>\n\n\n\n<p><strong>Mobile Anwendungen<\/strong><\/p>\n\n\n\n<p>Wir erkunden und analysieren die besten auf dem Markt erh\u00e4ltlichen Apps f\u00fcr eine Vielzahl von Zwecken - von Produktivit\u00e4t und Unterhaltung bis hin zu Gesundheit und Wohlbefinden. Unser Ziel ist es, Ihnen dabei zu helfen, n\u00fctzliche Tools zu entdecken, die Ihr t\u00e4gliches Leben einfacher und reicher machen k\u00f6nnen.<\/p>\n\n\n\n<p><strong>Pers\u00f6nliche Finanzen<\/strong><\/p>\n\n\n\n<p>Wir bieten praktische Ratschl\u00e4ge und Strategien zur Verbesserung Ihrer finanziellen Gesundheit. Von Spar- und Anlagetipps bis hin zu Finanzplanung und pers\u00f6nlicher Budgetierung - wir sind f\u00fcr Sie da, um Ihnen den Weg in eine sichere und stabile finanzielle Zukunft zu ebnen.<\/p>\n\n\n\n<p><strong>Arbeitsm\u00f6glichkeiten<\/strong><\/p>\n\n\n\n<p>Wir wissen, dass es eine Herausforderung sein kann, das richtige Stellenangebot zu finden. Deshalb haben wir Karrieretipps, Anleitungen zur Erstellung eines effektiven Lebenslaufs, Ratschl\u00e4ge f\u00fcr Vorstellungsgespr\u00e4che und die besten M\u00f6glichkeiten auf dem Arbeitsmarkt zusammengestellt.<\/p>\n\n\n\n<p><strong>Allgemeine Nachrichten<\/strong><\/p>\n\n\n\n<p>Bleiben Sie auf dem Laufenden \u00fcber die neuesten Nachrichten und wichtigen Ereignisse in der Welt. Unser Team ist bestrebt, Ihnen genaue und relevante Informationen zu liefern, damit Sie immer gut informiert sind.<\/p>\n\n\n\n<h3 class=\"wp-block-heading\">Unser Auftrag<\/h3>\n\n\n\n<p>Wir sind davon \u00fcberzeugt, dass Informationen m\u00e4chtig sind und dass wir unsere Leserinnen und Leser in die Lage versetzen k\u00f6nnen, fundierte Entscheidungen zu treffen und ihr Leben zu verbessern, indem wir sie auf zug\u00e4ngliche und verst\u00e4ndliche Weise vermitteln. Unser Ziel ist es, qualitativ hochwertige, aktuelle und relevante Inhalte anzubieten, die Ihren Bed\u00fcrfnissen und Interessen entsprechen.<\/p>\n\n\n\n<h3 class=\"wp-block-heading\">Kontakt<\/h3>\n\n\n\n<p>Wir lieben den Kontakt mit unseren Lesern und Partnern! Wenn Sie Vorschl\u00e4ge, Fragen oder Kommentare haben, z\u00f6gern Sie nicht, uns zu kontaktieren. Wir haben immer ein offenes Ohr f\u00fcr Sie und helfen Ihnen gerne, wo wir nur k\u00f6nnen.<\/p>\n\n\n\n<ul class=\"wp-block-list\">\n<li><strong>E-Mail:<\/strong> <a>help@izzotodigital.com.br<\/a><\/li>\n\n\n\n<li><strong>Twitter:<\/strong> @izzotodigital<\/li>\n\n\n\n<li><strong>Instagram:<\/strong> @izzotodigital<\/li>\n\n\n\n<li><strong>Facebook:<\/strong> @izzotodigital<\/li>\n<\/ul>\n\n\n\n<h3 class=\"wp-block-heading\">Mitmachen<\/h3>\n\n\n\n<p>Folgen Sie uns auf den sozialen Medien, um \u00fcber die neuesten Nachrichten, exklusive Tipps und vieles mehr auf dem Laufenden zu bleiben. Wir freuen uns darauf, mit Ihnen eine engagierte und informierte Gemeinschaft aufzubauen.<\/p>\n\n\n\n<p>Vielen Dank f\u00fcr Ihren Besuch auf AgendaVivaPb! Wir hoffen, dass Ihnen unsere Inhalte gefallen und dass sie Ihr Leben bereichern. Lassen Sie uns gemeinsam die Welt der Apps, Finanzen, Jobs und Nachrichten erkunden!<\/p>","protected":false},"excerpt":{"rendered":"<p>Bem-vindo ao AgendaVivaPb! No AgendaVivaPb, nossa miss\u00e3o \u00e9 trazer as melhores informa\u00e7\u00f5es e dicas sobre aplicativos para celular, finan\u00e7as pessoais, oportunidades de emprego e as \u00faltimas not\u00edcias em geral. Queremos ser sua fonte confi\u00e1vel de conhecimento e inspira\u00e7\u00e3o para ajud\u00e1-lo a aproveitar ao m\u00e1ximo a tecnologia, administrar melhor suas finan\u00e7as, encontrar as melhores oportunidades de [&hellip;]<\/p>\n","protected":false},"author":1,"featured_media":0,"parent":0,"menu_order":0,"comment_status":"closed","ping_status":"closed","template":"","meta":{"footnotes":""},"class_list":["post-103","page","type-page","status-publish","hentry","entry"],"_links":{"self":[{"href":"https:\/\/agendavivapb.com.br\/de\/wp-json\/wp\/v2\/pages\/103","targetHints":{"allow":["GET"]}}],"collection":[{"href":"https:\/\/agendavivapb.com.br\/de\/wp-json\/wp\/v2\/pages"}],"about":[{"href":"https:\/\/agendavivapb.com.br\/de\/wp-json\/wp\/v2\/types\/page"}],"author":[{"embeddable":true,"href":"https:\/\/agendavivapb.com.br\/de\/wp-json\/wp\/v2\/users\/1"}],"replies":[{"embeddable":true,"href":"https:\/\/agendavivapb.com.br\/de\/wp-json\/wp\/v2\/comments?post=103"}],"version-history":[{"count":0,"href":"https:\/\/agendavivapb.com.br\/de\/wp-json\/wp\/v2\/pages\/103\/revisions"}],"wp:attachment":[{"href":"https:\/\/agendavivapb.com.br\/de\/wp-json\/wp\/v2\/media?parent=103"}],"curies":[{"name":"wp","href":"https:\/\/api.w.org\/{rel}","templated":true}]}}